{"id":133,"date":"2025-05-07T18:03:38","date_gmt":"2025-05-07T18:03:38","guid":{"rendered":"https:\/\/testacion.com\/?page_id=133"},"modified":"2025-12-05T19:36:12","modified_gmt":"2025-12-05T19:36:12","slug":"tag","status":"publish","type":"page","link":"https:\/\/testacion.com\/index.php\/tag\/","title":{"rendered":"TAG"},"content":{"rendered":"\n<div class=\"wp-block-cover alignfull has-parallax is-style-default\" style=\"margin-top:0;margin-bottom:0;padding-top:0;padding-right:0;padding-bottom:0;padding-left:0;min-height:100vh;aspect-ratio:unset;\"><div class=\"wp-block-cover__image-background wp-image-333 size-full has-parallax\" style=\"background-position:50% 50%;background-image:url(https:\/\/testacion.com\/wp-content\/uploads\/2025\/07\/testaciontagportada-scaled.gif)\"><\/div><span aria-hidden=\"true\" class=\"wp-block-cover__background has-foreground-background-color has-background-dim-60 has-background-dim\"><\/span><div class=\"wp-block-cover__inner-container is-layout-constrained wp-container-core-cover-is-layout-f8ba8f42 wp-block-cover-is-layout-constrained\">\n<p superb-addons-animation=\"fadeInDown\" class=\"has-text-align-center has-medium-font-size\" style=\"margin-right:0rem;margin-left:0rem;padding-top:var(--wp--preset--spacing--60);padding-right:0;padding-bottom:var(--wp--preset--spacing--60);padding-left:0;font-style:normal;font-weight:400;text-transform:uppercase;opacity: 0;\">Controla el combustible de tu flotilla vehicular  por medio de TAGS electr\u00f3nicos.<\/p>\n\n\n\n<p style=\"opacity: 0;\" superb-addons-animation=\"fadeInUp\" class=\"has-text-align-center has-background-color has-text-color has-link-color has-x-large-font-size wp-elements-700c43ba358a9f0c25d1b12545030009\">Sistema <strong>Tag<\/strong><\/p>\n<\/div><\/div>\n\n\n\n<div class=\"wp-block-columns alignfull has-headings-background-color has-background is-layout-flex wp-container-core-columns-is-layout-8eb77903 wp-block-columns-is-layout-flex\" style=\"margin-top:0;margin-bottom:0\">\n<div class=\"wp-block-column is-vertically-aligned-center is-layout-flow wp-block-column-is-layout-flow\" style=\"padding-left:var(--wp--preset--spacing--80)\">\n<figure class=\"wp-block-image aligncenter size-full has-custom-border is-style-default\" style=\"margin-top:var(--wp--preset--spacing--80);margin-bottom:var(--wp--preset--spacing--80)\"><img loading=\"lazy\" decoding=\"async\" width=\"360\" height=\"269\" src=\"https:\/\/testacion.com\/wp-content\/uploads\/2025\/05\/tag-electronico-testacion.png\" alt=\"TAGtEstacion\" class=\"wp-image-210\" style=\"border-radius:22px\" srcset=\"https:\/\/testacion.com\/wp-content\/uploads\/2025\/05\/tag-electronico-testacion.png 360w, https:\/\/testacion.com\/wp-content\/uploads\/2025\/05\/tag-electronico-testacion-300x224.png 300w\" sizes=\"auto, (max-width: 360px) 100vw, 360px\" \/><\/figure>\n<\/div>\n\n\n\n<div superb-addons-animation=\"fadeInRight\" class=\"wp-block-column is-vertically-aligned-center is-layout-flow wp-block-column-is-layout-flow\" style=\"padding-right:var(--wp--preset--spacing--80);padding-left:var(--wp--preset--spacing--30);opacity: 0;\">\n<h2 class=\"wp-block-heading has-background-color has-text-color has-link-color wp-elements-10aa5a5dae9f2a30ba388b825144d201\">\u00bfQu\u00e9 es el sistema Tag?<\/h2>\n\n\n\n<p class=\"has-text-lighter-color has-text-color has-link-color wp-elements-c862f4f4c031818dd5b97974e880a309\" style=\"padding-right:0;padding-left:0\"><span class=\"has-superb-addons-text-align-justify\">El sistema Tag representa un programa de prepago premium orientado a clientes que gestionan flotillas vehiculares (autom\u00f3viles o camiones). A trav\u00e9s de la asignaci\u00f3n de un TAG (etiqueta electr\u00f3nica) por veh\u00edculo o usuario, se habilita una gesti\u00f3n y control eficientes del consumo de combustible. La operatividad del sistema se basa en un monto de prepago definido por el cliente, lo que permite un control exhaustivo de los gastos de combustible y una administraci\u00f3n de facturaci\u00f3n optimizada.<\/span><\/p>\n\n\n\n<div class=\"wp-block-buttons is-content-justification-center is-layout-flex wp-container-core-buttons-is-layout-beeb767b wp-block-buttons-is-layout-flex\" style=\"padding-top:0\">\n<div class=\"wp-block-button is-style-ona-button-arrow-icon\"><a class=\"wp-block-button__link has-background has-border-color has-light-border-color wp-element-button\" href=\"http:\/\/facturatestacion.com\/emaxclie\/\" style=\"border-width:2px;background-color:#366b2f\" target=\"_blank\" rel=\"noreferrer noopener\"><strong>Acceder<\/strong><\/a><\/div>\n<\/div>\n<\/div>\n<\/div>\n\n\n\n<div class=\"wp-block-group alignfull has-background-background-color has-background is-layout-flow wp-block-group-is-layout-flow\" style=\"margin-top:0;padding-top:120px;padding-right:var(--wp--preset--spacing--50);padding-bottom:120px;padding-left:var(--wp--preset--spacing--50)\">\n<div superb-addons-animation=\"fadeInDown\" class=\"wp-block-group is-layout-constrained wp-container-core-group-is-layout-2688a0c4 wp-block-group-is-layout-constrained\" style=\"margin-bottom:var(--wp--preset--spacing--70);opacity: 0;\">\n<h2 class=\"wp-block-heading has-text-align-center has-headings-color has-text-color has-link-color has-large-font-size wp-elements-b4ffbd63fd0a5eef181fd9dc2b409f50\">Beneficios del sistema Tag<\/h2>\n\n\n\n<p class=\"has-text-align-center has-text-regular-color has-text-color has-link-color has-lead-font-size wp-elements-2a8216185571221aefd755db060fbb2b\">Controlar el consumo de combustibles es una necesidad de las empresas que cuentan con flotillas, nuestra soluci\u00f3n te permite eso y m\u00e1s.<\/p>\n<\/div>\n\n\n\n<div class=\"wp-block-columns is-layout-flex wp-container-core-columns-is-layout-14cf5ab5 wp-block-columns-is-layout-flex\">\n<div style=\"opacity: 0;\" superb-addons-animation=\"fadeInLeft\" class=\"wp-block-column is-layout-flow wp-container-core-column-is-layout-8a368f38 wp-block-column-is-layout-flow\">\n<div class=\"wp-block-group hover-scale is-layout-constrained wp-block-group-is-layout-constrained\" style=\"border-top-left-radius:10px;border-top-right-radius:10px\">\n<figure class=\"wp-block-image size-full has-custom-border is-style-ona-full-link\"><img loading=\"lazy\" decoding=\"async\" width=\"2560\" height=\"1707\" src=\"https:\/\/testacion.com\/wp-content\/uploads\/2025\/05\/Testacion-bike-web-scaled.gif\" alt=\"Dispositivosseguros\" class=\"wp-image-308\" style=\"border-top-left-radius:10px;border-top-right-radius:10px\"\/><\/figure>\n<\/div>\n\n\n\n<div class=\"wp-block-group has-dark-background-color has-background is-layout-constrained wp-container-core-group-is-layout-22dfdc17 wp-block-group-is-layout-constrained\" style=\"border-bottom-left-radius:10px;border-bottom-right-radius:10px;padding-top:2rem;padding-right:2.5rem;padding-bottom:2rem;padding-left:2.5rem\">\n<h3 class=\"wp-block-heading has-background-color has-text-color has-link-color has-medium-font-size wp-elements-a36f3726f88562a56f378a608cb6e314\">Dispositivos seguros<\/h3>\n\n\n\n<p class=\"has-text-lighter-color has-text-color has-link-color wp-elements-aed73e75cfc92624cca3e93da40d64f2\"><span class=\"has-superb-addons-text-align-justify\">La tecnolog\u00eda de identificaci\u00f3n inal\u00e1mbrica del TAG impide su clonaci\u00f3n, brindando una mayor seguridad en comparaci\u00f3n con sistemas basados en banda magn\u00e9tica o documentos f\u00edsicos como los vales de papel.<\/span><\/p>\n\n\n\n<div style=\"height:265px\" aria-hidden=\"true\" class=\"wp-block-spacer\"><\/div>\n<\/div>\n<\/div>\n\n\n\n<div style=\"opacity: 0;\" superb-addons-animation=\"fadeInUp\" class=\"wp-block-column is-layout-flow wp-container-core-column-is-layout-8a368f38 wp-block-column-is-layout-flow\">\n<div class=\"wp-block-group hover-scale is-layout-constrained wp-block-group-is-layout-constrained\" style=\"border-top-left-radius:10px;border-top-right-radius:10px\">\n<figure class=\"wp-block-image size-full has-custom-border is-style-ona-full-link\"><img loading=\"lazy\" decoding=\"async\" width=\"1280\" height=\"853\" src=\"https:\/\/testacion.com\/wp-content\/uploads\/2025\/05\/testacion-web-1.gif\" alt=\"Transaccionesseguras\" class=\"wp-image-309\" style=\"border-top-left-radius:10px;border-top-right-radius:10px\"\/><\/figure>\n<\/div>\n\n\n\n<div class=\"wp-block-group has-dark-background-color has-background is-layout-constrained wp-container-core-group-is-layout-22dfdc17 wp-block-group-is-layout-constrained\" style=\"border-bottom-left-radius:10px;border-bottom-right-radius:10px;padding-top:2rem;padding-right:2.5rem;padding-bottom:2rem;padding-left:2.5rem\">\n<h3 class=\"wp-block-heading has-background-color has-text-color has-link-color has-medium-font-size wp-elements-cf4e13f493f2020869e5558359407982\">Transacciones seguras<\/h3>\n\n\n\n<p class=\"has-text-lighter-color has-text-color has-link-color wp-elements-4a30f0a054e8b5eaf51cb336362c7b0c\"><span class=\"has-superb-addons-text-align-justify\">Para garantizar la seguridad y la correcta asignaci\u00f3n del combustible, el sistema Tag identifica cada veh\u00edculo al momento de la carga (placas, color, marca, etc.). Esta informaci\u00f3n, visible en la plataforma web para los despachadores, impide el suministro a veh\u00edculos no autorizados. Adicionalmente, al operar sin manejo de efectivo (a diferencia de los vales de papel), se elimina la problem\u00e1tica de los cambios y se asegura que la facturaci\u00f3n corresponda al monto exacto de la carga, reflejado en un ticket detallado con los datos del cliente (d\u00e9bito\/cr\u00e9dito) y del veh\u00edculo. El registro electr\u00f3nico de cada consumo reduce significativamente los errores de captura manual.<\/span><\/p>\n<\/div>\n<\/div>\n\n\n\n<div style=\"opacity: 0;\" superb-addons-animation=\"fadeInRight\" class=\"wp-block-column is-layout-flow wp-container-core-column-is-layout-8a368f38 wp-block-column-is-layout-flow\">\n<div class=\"wp-block-group hover-scale is-layout-constrained wp-block-group-is-layout-constrained\" style=\"border-top-left-radius:10px;border-top-right-radius:10px\">\n<figure class=\"wp-block-image aligncenter size-full has-custom-border is-style-ona-full-link is-style-default wp-duotone-unset-1\"><img loading=\"lazy\" decoding=\"async\" width=\"1280\" height=\"853\" src=\"https:\/\/testacion.com\/wp-content\/uploads\/2025\/05\/testacionnnn-web-1.gif\" alt=\"Personaliacion\" class=\"wp-image-310\" style=\"border-top-left-radius:10px;border-top-right-radius:10px\"\/><\/figure>\n<\/div>\n\n\n\n<div class=\"wp-block-group has-dark-background-color has-background is-layout-constrained wp-container-core-group-is-layout-22dfdc17 wp-block-group-is-layout-constrained\" style=\"border-bottom-left-radius:10px;border-bottom-right-radius:10px;padding-top:2rem;padding-right:2.5rem;padding-bottom:2rem;padding-left:2.5rem\">\n<h3 class=\"wp-block-heading has-background-color has-text-color has-link-color has-medium-font-size wp-elements-6b966d2d8cb50d7f76b246862f6d4fcc\">Personalizaci\u00f3n<\/h3>\n\n\n\n<p class=\"has-text-lighter-color has-text-color has-link-color wp-elements-22037cd673e56542796f59e01967c075\"><span class=\"has-superb-addons-text-align-justify\">El sistema Tag permite dos modalidades de uso: un TAG que identifica a toda la flotilla en conjunto, o bien, un TAG \u00fanico para cada veh\u00edculo. Asignar un TAG por veh\u00edculo ofrece la ventaja de poder monitorear y analizar el rendimiento individual de cada unidad, lo que resulta \u00fatil para una gesti\u00f3n m\u00e1s precisa de la flotilla.<\/span><\/p>\n\n\n\n<div style=\"height:214px\" aria-hidden=\"true\" class=\"wp-block-spacer\"><\/div>\n<\/div>\n<\/div>\n<\/div>\n\n\n\n<div class=\"wp-block-cover is-style-ona-hover-scale wp-duotone-unset-2\" style=\"border-radius:20px;padding-top:6rem;padding-right:1.6rem;padding-bottom:6rem;padding-left:1.6rem\"><img loading=\"lazy\" decoding=\"async\" width=\"2560\" height=\"1551\" class=\"wp-block-cover__image-background wp-image-359 size-full\" alt=\"\" src=\"https:\/\/testacion.com\/wp-content\/uploads\/2025\/09\/T-Estacion_10411-scaled.gif\" data-object-fit=\"cover\"\/><span aria-hidden=\"true\" class=\"wp-block-cover__background has-foreground-background-color has-background-dim-60 has-background-dim\"><\/span><div class=\"wp-block-cover__inner-container is-layout-flow wp-block-cover-is-layout-flow\">\n<div class=\"wp-block-group is-layout-constrained wp-container-core-group-is-layout-530ec779 wp-block-group-is-layout-constrained\">\n<div class=\"wp-block-columns is-layout-flex wp-container-core-columns-is-layout-28f84493 wp-block-columns-is-layout-flex\">\n<div style=\"opacity: 0;\" superb-addons-animation=\"slideInLeft\" class=\"wp-block-column is-layout-flow wp-block-column-is-layout-flow\">\n<h1 class=\"wp-block-heading has-3-x-large-font-size\" style=\"line-height:1.1\">Plataforma de control de TAGs<\/h1>\n\n\n\n<h1 class=\"wp-block-heading\" style=\"font-size:2rem;font-style:normal;font-weight:500\">\u00a1Controle su flotilla f\u00e1cilmente!<\/h1>\n\n\n\n<blockquote class=\"wp-block-quote is-layout-flow wp-block-quote-is-layout-flow\">\n<p style=\"padding-right:10rem\"><span class=\"has-superb-addons-text-align-justify\">Al ser cliente de nuestro sistema  TAG, acceda gratis a la plataforma EMAXCLIE. Ingrese v\u00eda web con sus datos y revise cada movimiento de sus veh\u00edculos desde la comodidad de su negocio.<\/span><\/p>\n\n\n\n<div class=\"wp-block-buttons is-layout-flex wp-block-buttons-is-layout-flex\">\n<div class=\"wp-block-button is-style-fill\"><a class=\"wp-block-button__link has-background has-border-color has-light-border-color has-lead-font-size has-custom-font-size wp-element-button\" href=\"http:\/\/facturatestacion.com\/emaxclie\/\" style=\"border-width:2px;background-color:#366b2f\" target=\"_blank\" rel=\"noreferrer noopener\"><strong>Acceder<\/strong><\/a><\/div>\n<\/div>\n<\/blockquote>\n<\/div>\n<\/div>\n<\/div>\n<\/div><\/div>\n<\/div>\n\n\n\n<div class=\"wp-block-columns alignfull are-vertically-aligned-center has-headings-background-color has-background is-layout-flex wp-container-core-columns-is-layout-8eb77903 wp-block-columns-is-layout-flex\" style=\"margin-top:0;margin-bottom:0\">\n<div class=\"wp-block-column is-vertically-aligned-center is-layout-flow wp-block-column-is-layout-flow\" style=\"padding-right:var(--wp--preset--spacing--80);padding-left:var(--wp--preset--spacing--30)\">\n<h2 class=\"wp-block-heading has-background-color has-text-color has-link-color wp-elements-42de46303affdb00a389eb9f97aef960\">Plataforma EMAXCLIE<\/h2>\n\n\n\n<p class=\"has-text-lighter-color has-text-color has-link-color wp-elements-74b92e96ee94cfa66aa74a624f15705c\" style=\"padding-right:0;padding-left:0\"><span class=\"has-superb-addons-text-align-justify\">Ingresa a la plataforma web con un usuario y contrase\u00f1a predefinido y revise desde la comodidad de su lugar de negocios todos los movimientos de su flotilla.<\/span><\/p>\n<\/div>\n\n\n\n<div superb-addons-animation=\"fadeInRight\" class=\"wp-block-column is-vertically-aligned-center is-layout-constrained wp-container-core-column-is-layout-9a89fd2f wp-block-column-is-layout-constrained\" style=\"padding-left:var(--wp--preset--spacing--80);opacity: 0;\">\n<h6 class=\"wp-block-heading has-background-color has-text-color has-link-color wp-elements-8bdaa83244e39ccbbfc31a4cac23df1e\">Da click a las imagenes y observa la plataforma<\/h6>\n\n\n\nngg_shortcode_0_placeholder\n<\/div>\n<\/div>\n\n\n\n<p><\/p>\n","protected":false},"excerpt":{"rendered":"<p>\u00bfQu\u00e9 es el sistema Tag? El sistema Tag representa un programa de prepago premium orientado a clientes que gestionan flotillas vehiculares (autom\u00f3viles o camiones). A trav\u00e9s de la asignaci\u00f3n de un TAG (etiqueta electr\u00f3nica) por veh\u00edculo o usuario, se habilita una gesti\u00f3n y control eficientes del consumo de combustible. La operatividad del sistema se basa [&hellip;]<\/p>\n","protected":false},"author":1,"featured_media":0,"parent":0,"menu_order":0,"comment_status":"closed","ping_status":"closed","template":"","meta":{"ngg_post_thumbnail":0,"footnotes":""},"class_list":["post-133","page","type-page","status-publish","hentry"],"_links":{"self":[{"href":"https:\/\/testacion.com\/index.php\/wp-json\/wp\/v2\/pages\/133","targetHints":{"allow":["GET"]}}],"collection":[{"href":"https:\/\/testacion.com\/index.php\/wp-json\/wp\/v2\/pages"}],"about":[{"href":"https:\/\/testacion.com\/index.php\/wp-json\/wp\/v2\/types\/page"}],"author":[{"embeddable":true,"href":"https:\/\/testacion.com\/index.php\/wp-json\/wp\/v2\/users\/1"}],"replies":[{"embeddable":true,"href":"https:\/\/testacion.com\/index.php\/wp-json\/wp\/v2\/comments?post=133"}],"version-history":[{"count":75,"href":"https:\/\/testacion.com\/index.php\/wp-json\/wp\/v2\/pages\/133\/revisions"}],"predecessor-version":[{"id":413,"href":"https:\/\/testacion.com\/index.php\/wp-json\/wp\/v2\/pages\/133\/revisions\/413"}],"wp:attachment":[{"href":"https:\/\/testacion.com\/index.php\/wp-json\/wp\/v2\/media?parent=133"}],"curies":[{"name":"wp","href":"https:\/\/api.w.org\/{rel}","templated":true}]}}