{"id":415,"date":"2025-12-09T15:57:00","date_gmt":"2025-12-09T15:57:00","guid":{"rendered":"https:\/\/testacion.com\/?page_id=415"},"modified":"2026-02-03T17:29:43","modified_gmt":"2026-02-03T17:29:43","slug":"aviso-de-privacidad","status":"publish","type":"page","link":"https:\/\/testacion.com\/index.php\/aviso-de-privacidad\/","title":{"rendered":"Aviso de privacidad"},"content":{"rendered":"\n<div class=\"wp-block-cover alignfull\" style=\"min-height:100vh;aspect-ratio:unset;\"><img loading=\"lazy\" decoding=\"async\" width=\"1024\" height=\"595\" class=\"wp-block-cover__image-background wp-image-474 size-large\" alt=\"\" src=\"https:\/\/testacion.com\/wp-content\/uploads\/2026\/02\/aviso-de-privacidad22-1024x595.gif\" data-object-fit=\"cover\" srcset=\"https:\/\/testacion.com\/wp-content\/uploads\/2026\/02\/aviso-de-privacidad22-1024x595.gif 1024w, https:\/\/testacion.com\/wp-content\/uploads\/2026\/02\/aviso-de-privacidad22-300x174.gif 300w, https:\/\/testacion.com\/wp-content\/uploads\/2026\/02\/aviso-de-privacidad22-768x447.gif 768w, https:\/\/testacion.com\/wp-content\/uploads\/2026\/02\/aviso-de-privacidad22-1536x893.gif 1536w, https:\/\/testacion.com\/wp-content\/uploads\/2026\/02\/aviso-de-privacidad22-2048x1191.gif 2048w, https:\/\/testacion.com\/wp-content\/uploads\/2026\/02\/aviso-de-privacidad22-1170x680.gif 1170w\" sizes=\"auto, (max-width: 1024px) 100vw, 1024px\" \/><span aria-hidden=\"true\" class=\"wp-block-cover__background has-foreground-background-color has-background-dim\"><\/span><div class=\"wp-block-cover__inner-container is-layout-constrained wp-block-cover-is-layout-constrained\">\n<p class=\"has-text-align-center has-headings-font-family has-x-large-font-size\" style=\"margin-top:0;margin-bottom:0;padding-top:var(--wp--preset--spacing--80);padding-bottom:var(--wp--preset--spacing--80)\">Aviso de Privacidad<\/p>\n<\/div><\/div>\n\n\n\n<p class=\"has-lead-font-size\"><strong>Testaci\u00f3n de Servicios Gasolinero S.A. de C.V.<\/strong> (en adelante \u00abLa Gasolinera\u00bb), con domicilio ubicado en <strong>Camino Antiguo a San Jacinto Amilpas No.127, Residencial Arboleda, 68285 San Jacinto Amilpas, Oaxaca<\/strong>, es el responsable del uso y protecci\u00f3n de sus datos personales, y al respecto le informamos lo siguiente:<\/p>\n\n\n\n<h4 class=\"wp-block-heading\">\u00bfQu\u00e9 datos personales utilizaremos?<\/h4>\n\n\n\n<p>Para llevar a cabo las finalidades descritas en el presente aviso de privacidad, utilizaremos los siguientes datos personales, dependiendo de su forma de interacci\u00f3n con nosotros:<\/p>\n\n\n\n<ol start=\"1\" class=\"wp-block-list\">\n<li><strong>V\u00eda C\u00e1maras de Seguridad:<\/strong> Imagen y voz (en caso de que el sistema grabe audio).<\/li>\n\n\n\n<li><strong>V\u00eda Formulario de Contacto Web:<\/strong> Nombre completo, correo electr\u00f3nico, n\u00famero telef\u00f3nico y cualquier otro dato que usted proporcione voluntariamente en el apartado de \u00abmensaje\u00bb.<\/li>\n<\/ol>\n\n\n\n<h4 class=\"wp-block-heading\">\u00bfPara qu\u00e9 fines utilizaremos sus datos personales?<\/h4>\n\n\n\n<p>Los datos personales que recabamos de usted ser\u00e1n utilizados para las siguientes finalidades que son necesarias para el servicio que solicita:<\/p>\n\n\n\n<p><strong>A. Finalidades relativas al Formulario Web y Contacto:<\/strong><\/p>\n\n\n\n<ul class=\"wp-block-list\">\n<li><strong>Atenci\u00f3n y seguimiento:<\/strong> Para dar respuesta a sus dudas, comentarios, quejas o sugerencias enviadas a trav\u00e9s de nuestro sitio web.<\/li>\n\n\n\n<li><strong>Facturaci\u00f3n:<\/strong> En caso de que utilice el medio de contacto para solicitar la facturaci\u00f3n de sus consumos, utilizaremos sus datos para la emisi\u00f3n de los comprobantes fiscales correspondientes.<\/li>\n\n\n\n<li><strong>Contacto:<\/strong> Para establecer comunicaci\u00f3n con usted en relaci\u00f3n con los servicios solicitados.<\/li>\n<\/ul>\n\n\n\n<p><strong>B. Finalidades relativas a la Videovigilancia (Instalaciones f\u00edsicas):<\/strong><\/p>\n\n\n\n<ul class=\"wp-block-list\">\n<li><strong>Seguridad de los clientes:<\/strong> Para procurar su integridad f\u00edsica y la de sus bienes mientras se encuentra en nuestras instalaciones.<\/li>\n\n\n\n<li><strong>Seguridad del personal:<\/strong> Para proteger la integridad de nuestros despachadores y colaboradores administrativos.<\/li>\n\n\n\n<li><strong>Vigilancia y Control:<\/strong> Para monitorear el correcto funcionamiento de las instalaciones y disuadir conductas delictivas.<\/li>\n\n\n\n<li><strong>Evidencia:<\/strong> En caso de alg\u00fan incidente, las grabaciones podr\u00e1n ser puestas a disposici\u00f3n de las autoridades competentes si estas lo requieren legalmente.<\/li>\n<\/ul>\n\n\n\n<h4 class=\"wp-block-heading\">Uso de tecnolog\u00edas de rastreo en nuestro portal de Internet<\/h4>\n\n\n\n<p>Le informamos que en nuestra p\u00e1gina web podr\u00edamos utilizar <em>cookies<\/em> u otras tecnolog\u00edas a trav\u00e9s de las cuales es posible monitorear su comportamiento como usuario de Internet, con el fin de brindarle un mejor servicio y experiencia de usuario al navegar en nuestra p\u00e1gina.<\/p>\n\n\n\n<h4 class=\"wp-block-heading\">\u00bfC\u00f3mo puede acceder, rectificar o cancelar sus datos personales, u oponerse a su uso?<\/h4>\n\n\n\n<p>Usted tiene derecho a conocer qu\u00e9 datos personales tenemos de usted, para qu\u00e9 los utilizamos y las condiciones del uso que les damos (Acceso). Asimismo, es su derecho solicitar la correcci\u00f3n de su informaci\u00f3n personal en caso de que est\u00e9 desactualizada, sea inexacta o incompleta (Rectificaci\u00f3n); que la eliminemos de nuestros registros o bases de datos cuando considere que la misma no est\u00e1 siendo utilizada conforme a los principios, deberes y obligaciones previstas en la normativa (Cancelaci\u00f3n); as\u00ed como oponerse al uso de sus datos personales para fines espec\u00edficos (Oposici\u00f3n). Estos derechos se conocen como derechos ARCO.<\/p>\n\n\n\n<p>Para ejercer cualquiera de sus derechos ARCO, deber\u00e1 presentar la solicitud respectiva en <strong>la Gerencia de la estaci\u00f3n<\/strong> o enviando un correo electr\u00f3nico a <strong>encargado1@testacion.com.mx<\/strong><\/p>\n\n\n\n<p class=\"has-lead-font-size\"><strong>\u00daltima actualizaci\u00f3n:<\/strong> 10 de diciembre de 2025.<\/p>\n\n\n\n<p><\/p>\n","protected":false},"excerpt":{"rendered":"<p>Testaci\u00f3n de Servicios Gasolinero S.A. de C.V. (en adelante \u00abLa Gasolinera\u00bb), con domicilio ubicado en Camino Antiguo a San Jacinto Amilpas No.127, Residencial Arboleda, 68285 San Jacinto Amilpas, Oaxaca, es el responsable del uso y protecci\u00f3n de sus datos personales, y al respecto le informamos lo siguiente: \u00bfQu\u00e9 datos personales utilizaremos? Para llevar a cabo [&hellip;]<\/p>\n","protected":false},"author":1,"featured_media":0,"parent":0,"menu_order":0,"comment_status":"closed","ping_status":"closed","template":"","meta":{"ngg_post_thumbnail":0,"footnotes":""},"class_list":["post-415","page","type-page","status-publish","hentry"],"_links":{"self":[{"href":"https:\/\/testacion.com\/index.php\/wp-json\/wp\/v2\/pages\/415","targetHints":{"allow":["GET"]}}],"collection":[{"href":"https:\/\/testacion.com\/index.php\/wp-json\/wp\/v2\/pages"}],"about":[{"href":"https:\/\/testacion.com\/index.php\/wp-json\/wp\/v2\/types\/page"}],"author":[{"embeddable":true,"href":"https:\/\/testacion.com\/index.php\/wp-json\/wp\/v2\/users\/1"}],"replies":[{"embeddable":true,"href":"https:\/\/testacion.com\/index.php\/wp-json\/wp\/v2\/comments?post=415"}],"version-history":[{"count":17,"href":"https:\/\/testacion.com\/index.php\/wp-json\/wp\/v2\/pages\/415\/revisions"}],"predecessor-version":[{"id":476,"href":"https:\/\/testacion.com\/index.php\/wp-json\/wp\/v2\/pages\/415\/revisions\/476"}],"wp:attachment":[{"href":"https:\/\/testacion.com\/index.php\/wp-json\/wp\/v2\/media?parent=415"}],"curies":[{"name":"wp","href":"https:\/\/api.w.org\/{rel}","templated":true}]}}